{"id":73,"date":"2019-04-11T09:35:09","date_gmt":"2019-04-11T07:35:09","guid":{"rendered":"http:\/\/cda-suedpfalz.de\/?page_id=73"},"modified":"2019-10-02T22:20:41","modified_gmt":"2019-10-02T20:20:41","slug":"impressum","status":"publish","type":"page","link":"http:\/\/cda-suedpfalz.de\/?page_id=73","title":{"rendered":"Impressum"},"content":{"rendered":"\n<p>Angaben gem\u00e4\u00df \u00a7 5 TMG<\/p>\n\n\n\n<p>Vorsitzender Patrick Redlingsh\u00f6fer<\/p>\n\n\n\n<p>Vorstand CDA-S\u00fcdpfalz, Max-Planck-Str. 6, 76829 Landau <\/p>\n\n\n\n<p>\u00a0\u00a0\u00a0\u00a0\u00a0\u00a0\u00a0\u00a0\u00a0\u00a0\u00a0 <br>Tel.:\u00a0 06341-934610 \u00a0\u00a0\u00a0\u00a0\u00a0\u00a0  <br>E-Mail: redpat[@]t-online.de \u00a0\u00a0\u00a0\u00a0\u00a0\u00a0\u00a0\u00a0\u00a0\u00a0\u00a0\u00a0\u00a0\u00a0\u00a0\u00a0\u00a0\u00a0\u00a0\u00a0\u00a0\u00a0\u00a0\u00a0\u00a0\u00a0\u00a0\u00a0\u00a0\u00a0\u00a0\u00a0\u00a0\u00a0\u00a0\u00a0\u00a0\u00a0\u00a0\u00a0\u00a0 <\/p>\n\n\n\n<p>Verantwortlicher f\u00fcr den Inhalt nach \u00a7 55 Abs. 2 RStV:<\/p>\n\n\n\n<p>Webmaster Georg Schmalz<\/p>\n\n\n\n<p>E-Mail: info@georg-schmalz.de<\/p>\n\n\n\n<p>Bei dem Inhalt unserer Internetseiten handelt es sich um urheberrechtlich gesch\u00fctzte Werke. Wir gestatten die \u00dcbernahme von Texten in Datenbest\u00e4nde, die ausschlie\u00dflich f\u00fcr den privaten Gebrauch eines Nutzers bestimmt sind. Die \u00dcbernahme und Nutzung der Daten zu anderen Zwecken bedarf der schriftlichen Zustimmung der Partei.<\/p>\n\n\n\n<p>Haftungshinweis: Im Rahmen unseres Dienstens werden auch Links zu Internetinhalten anderer Anbieter bereitgestellt. Auf den Inhalt dieser Seiten haben wir keinen Einfluss; f\u00fcr den Inhalt ist ausschlie\u00dflich der Betreiber der anderen Webseite verantwortlich. Trotz der \u00dcberpr\u00fcfung der Inhalte im gesetzlichen gebotenen Rahmen m\u00fcssen wir daher jede Verantwortung f\u00fcr den Inhalt dieser Links bzw. der verlinkten Seite ablehnen.<\/p>\n","protected":false},"excerpt":{"rendered":"<p>Angaben gem\u00e4\u00df \u00a7 5 TMG Vorsitzender Patrick Redlingsh\u00f6fer Vorstand CDA-S\u00fcdpfalz, Max-Planck-Str. 6, 76829 Landau \u00a0\u00a0\u00a0\u00a0\u00a0\u00a0\u00a0\u00a0\u00a0\u00a0\u00a0 Tel.:\u00a0 06341-934610 \u00a0\u00a0\u00a0\u00a0\u00a0\u00a0 E-Mail: redpat[@]t-online.de \u00a0\u00a0\u00a0\u00a0\u00a0\u00a0\u00a0\u00a0\u00a0\u00a0\u00a0\u00a0\u00a0\u00a0\u00a0\u00a0\u00a0\u00a0\u00a0\u00a0\u00a0\u00a0\u00a0\u00a0\u00a0\u00a0\u00a0\u00a0\u00a0\u00a0\u00a0\u00a0\u00a0\u00a0\u00a0\u00a0\u00a0\u00a0\u00a0\u00a0\u00a0 Verantwortlicher f\u00fcr den Inhalt nach \u00a7 55 Abs. 2 RStV: Webmaster Georg Schmalz E-Mail: info@georg-schmalz.de Bei dem Inhalt unserer Internetseiten handelt es sich um urheberrechtlich gesch\u00fctzte Werke. Wir gestatten die \u00dcbernahme von Texten in &hellip; <\/p>\n<p class=\"link-more\"><a href=\"http:\/\/cda-suedpfalz.de\/?page_id=73\" class=\"more-link\"><span class=\"screen-reader-text\">\u201eImpressum\u201c<\/span> weiterlesen<\/a><\/p>\n","protected":false},"author":1,"featured_media":0,"parent":0,"menu_order":0,"comment_status":"closed","ping_status":"closed","template":"","meta":{"footnotes":""},"_links":{"self":[{"href":"http:\/\/cda-suedpfalz.de\/index.php?rest_route=\/wp\/v2\/pages\/73"}],"collection":[{"href":"http:\/\/cda-suedpfalz.de\/index.php?rest_route=\/wp\/v2\/pages"}],"about":[{"href":"http:\/\/cda-suedpfalz.de\/index.php?rest_route=\/wp\/v2\/types\/page"}],"author":[{"embeddable":true,"href":"http:\/\/cda-suedpfalz.de\/index.php?rest_route=\/wp\/v2\/users\/1"}],"replies":[{"embeddable":true,"href":"http:\/\/cda-suedpfalz.de\/index.php?rest_route=%2Fwp%2Fv2%2Fcomments&post=73"}],"version-history":[{"count":2,"href":"http:\/\/cda-suedpfalz.de\/index.php?rest_route=\/wp\/v2\/pages\/73\/revisions"}],"predecessor-version":[{"id":134,"href":"http:\/\/cda-suedpfalz.de\/index.php?rest_route=\/wp\/v2\/pages\/73\/revisions\/134"}],"wp:attachment":[{"href":"http:\/\/cda-suedpfalz.de\/index.php?rest_route=%2Fwp%2Fv2%2Fmedia&parent=73"}],"curies":[{"name":"wp","href":"https:\/\/api.w.org\/{rel}","templated":true}]}}